{"id":114,"date":"2024-03-19T22:57:56","date_gmt":"2024-03-19T22:57:56","guid":{"rendered":"https:\/\/sotoval.es\/?page_id=114"},"modified":"2025-02-05T10:40:16","modified_gmt":"2025-02-05T10:40:16","slug":"area-de-negocios","status":"publish","type":"page","link":"https:\/\/sotoval.es\/index.php\/area-de-negocios\/","title":{"rendered":"\u00c1REA DE NEGOCIOS"},"content":{"rendered":"\t\t<div data-elementor-type=\"wp-page\" data-elementor-id=\"114\" class=\"elementor elementor-114\">\n\t\t\t\t<div class=\"elementor-element elementor-element-46b29aa e-con-full e-flex e-con e-parent\" data-id=\"46b29aa\" data-element_type=\"container\" data-e-type=\"container\">\n\t\t\t\t<div class=\"elementor-element elementor-element-ff173f1 elementor-widget elementor-widget-elpug\" data-id=\"ff173f1\" data-element_type=\"widget\" data-e-type=\"widget\" data-widget_type=\"elpug.default\">\n\t\t\t\t<div class=\"elementor-widget-container\">\n\t\t\t\t\t<input id=\"powerfolio_pagination_postsperpage\" type=\"hidden\" value=\"\" \/><div class=\"elpt-portfolio elpt_powerfolio_85364\"><div class=\"elpt-portfolio-filter\"><button class=\"portfolio-filter-item item-active\" data-filter=\"*\" style=\"background-color:\">All<\/button><button class=\"portfolio-filter-item\" style=\"background-color:\" data-filter=\".elemenfoliocategory-edificacion\">EDIFICACI\u00d3N<\/button><button class=\"portfolio-filter-item\" style=\"background-color:\" data-filter=\".elemenfoliocategory-industrial\">INDUSTRIAL<\/button><button class=\"portfolio-filter-item\" style=\"background-color:\" data-filter=\".elemenfoliocategory-obra-civil\">OBRA CIVIL<\/button><\/div><div class=\"elpt-portfolio-content elpt-portfolio-content-isotope elpt-portfolio-style-box  simple elpt-portfolio-columns-3  elpt-portfolio-margin\"><div class=\"portfolio-item-wrapper 130 post-114 page type-page status-publish hentry elemenfoliocategory-obra-civil\"><a href=\"https:\/\/sotoval.es\/index.php\/portfolio\/aeropuerto\/\" class=\"portfolio-item \" style=\"background-image: url(https:\/\/sotoval.es\/wp-content\/uploads\/2024\/03\/aeropuerto.jpg)\" title=\"Aeropuerto\"><img decoding=\"async\" src=\"https:\/\/sotoval.es\/wp-content\/uploads\/2024\/03\/aeropuerto.jpg\" class=\"elpt-main-image\" title=\"Aeropuerto\" alt=\"Aeropuerto\" \/><div class=\"portfolio-item-infos-wrapper\" style=\"background-color:\"><div class=\"portfolio-item-infos\"><div class=\"portfolio-item-title\"><span class=\"portfolio-item-title-span\">Aeropuerto<\/span><\/div><div class=\"portfolio-item-category\"><span class=\"elpt-portfolio-cat\">OBRA CIVIL<\/span><\/div><\/div><\/div><\/a><\/div><div class=\"portfolio-item-wrapper 472 post-114 page type-page status-publish hentry elemenfoliocategory-obra-civil\"><a href=\"https:\/\/sotoval.es\/index.php\/portfolio\/viaducto-rio-moros\/\" class=\"portfolio-item \" style=\"background-image: url(https:\/\/sotoval.es\/wp-content\/uploads\/2025\/01\/INMOBILIARIA_LA_MEZQUITA.jpg)\" title=\"VIADUCTO RIO MOROS\u00a0\"><img decoding=\"async\" src=\"https:\/\/sotoval.es\/wp-content\/uploads\/2025\/01\/INMOBILIARIA_LA_MEZQUITA.jpg\" class=\"elpt-main-image\" title=\"VIADUCTO RIO MOROS\u00a0\" alt=\"VIADUCTO RIO MOROS\u00a0\" \/><div class=\"portfolio-item-infos-wrapper\" style=\"background-color:\"><div class=\"portfolio-item-infos\"><div class=\"portfolio-item-title\"><span class=\"portfolio-item-title-span\">VIADUCTO RIO MOROS\u00a0<\/span><\/div><div class=\"portfolio-item-category\"><span class=\"elpt-portfolio-cat\">OBRA CIVIL<\/span><\/div><\/div><\/div><\/a><\/div><div class=\"portfolio-item-wrapper 470 post-114 page type-page status-publish hentry elemenfoliocategory-obra-civil\"><a href=\"https:\/\/sotoval.es\/index.php\/portfolio\/afar-4\/\" class=\"portfolio-item \" style=\"background-image: url(https:\/\/sotoval.es\/wp-content\/uploads\/2025\/01\/AFAR_4.jpg)\" title=\"AFAR 4\"><img decoding=\"async\" src=\"https:\/\/sotoval.es\/wp-content\/uploads\/2025\/01\/AFAR_4.jpg\" class=\"elpt-main-image\" title=\"AFAR 4\" alt=\"AFAR 4\" \/><div class=\"portfolio-item-infos-wrapper\" style=\"background-color:\"><div class=\"portfolio-item-infos\"><div class=\"portfolio-item-title\"><span class=\"portfolio-item-title-span\">AFAR 4<\/span><\/div><div class=\"portfolio-item-category\"><span class=\"elpt-portfolio-cat\">OBRA CIVIL<\/span><\/div><\/div><\/div><\/a><\/div><div class=\"portfolio-item-wrapper 468 post-114 page type-page status-publish hentry elemenfoliocategory-obra-civil\"><a href=\"https:\/\/sotoval.es\/index.php\/portfolio\/canal-isabel-ii-gestion-sa\/\" class=\"portfolio-item \" style=\"background-image: url(https:\/\/sotoval.es\/wp-content\/uploads\/2025\/01\/CANAL_ISABEL_II.jpg)\" title=\"CANAL ISABEL II GESTION SA\"><img decoding=\"async\" src=\"https:\/\/sotoval.es\/wp-content\/uploads\/2025\/01\/CANAL_ISABEL_II.jpg\" class=\"elpt-main-image\" title=\"CANAL ISABEL II GESTION SA\" alt=\"CANAL ISABEL II GESTION SA\" \/><div class=\"portfolio-item-infos-wrapper\" style=\"background-color:\"><div class=\"portfolio-item-infos\"><div class=\"portfolio-item-title\"><span class=\"portfolio-item-title-span\">CANAL ISABEL II GESTION SA<\/span><\/div><div class=\"portfolio-item-category\"><span class=\"elpt-portfolio-cat\">OBRA CIVIL<\/span><\/div><\/div><\/div><\/a><\/div><div class=\"portfolio-item-wrapper 466 post-114 page type-page status-publish hentry elemenfoliocategory-edificacion\"><a href=\"https:\/\/sotoval.es\/index.php\/portfolio\/nuevo-hospital-burgos-sa\/\" class=\"portfolio-item \" style=\"background-image: url(https:\/\/sotoval.es\/wp-content\/uploads\/2025\/01\/NUEVO_HOSPITA_-BURGOS.jpg)\" title=\"NUEVO HOSPITAL BURGOS SA\"><img decoding=\"async\" src=\"https:\/\/sotoval.es\/wp-content\/uploads\/2025\/01\/NUEVO_HOSPITA_-BURGOS.jpg\" class=\"elpt-main-image\" title=\"NUEVO HOSPITAL BURGOS SA\" alt=\"NUEVO HOSPITAL BURGOS SA\" \/><div class=\"portfolio-item-infos-wrapper\" style=\"background-color:\"><div class=\"portfolio-item-infos\"><div class=\"portfolio-item-title\"><span class=\"portfolio-item-title-span\">NUEVO HOSPITAL BURGOS SA<\/span><\/div><div class=\"portfolio-item-category\"><span class=\"elpt-portfolio-cat\">EDIFICACI\u00d3N<\/span><\/div><\/div><\/div><\/a><\/div><div class=\"portfolio-item-wrapper 326 post-114 page type-page status-publish hentry elemenfoliocategory-edificacion\"><a href=\"https:\/\/sotoval.es\/index.php\/portfolio\/instituto-torroja\/\" class=\"portfolio-item \" style=\"background-image: url(https:\/\/sotoval.es\/wp-content\/uploads\/2025\/01\/1-3.jpg)\" title=\"Instituto Torroja\"><img decoding=\"async\" src=\"https:\/\/sotoval.es\/wp-content\/uploads\/2025\/01\/1-3.jpg\" class=\"elpt-main-image\" title=\"Instituto Torroja\" alt=\"Instituto Torroja\" \/><div class=\"portfolio-item-infos-wrapper\" style=\"background-color:\"><div class=\"portfolio-item-infos\"><div class=\"portfolio-item-title\"><span class=\"portfolio-item-title-span\">Instituto Torroja<\/span><\/div><div class=\"portfolio-item-category\"><span class=\"elpt-portfolio-cat\">EDIFICACI\u00d3N<\/span><\/div><\/div><\/div><\/a><\/div><div class=\"portfolio-item-wrapper 320 post-114 page type-page status-publish hentry elemenfoliocategory-edificacion\"><a href=\"https:\/\/sotoval.es\/index.php\/portfolio\/wtc\/\" class=\"portfolio-item \" style=\"background-image: url(https:\/\/sotoval.es\/wp-content\/uploads\/2025\/01\/1-2.jpg)\" title=\"WTC\"><img decoding=\"async\" src=\"https:\/\/sotoval.es\/wp-content\/uploads\/2025\/01\/1-2.jpg\" class=\"elpt-main-image\" title=\"WTC\" alt=\"WTC\" \/><div class=\"portfolio-item-infos-wrapper\" style=\"background-color:\"><div class=\"portfolio-item-infos\"><div class=\"portfolio-item-title\"><span class=\"portfolio-item-title-span\">WTC<\/span><\/div><div class=\"portfolio-item-category\"><span class=\"elpt-portfolio-cat\">EDIFICACI\u00d3N<\/span><\/div><\/div><\/div><\/a><\/div><div class=\"portfolio-item-wrapper 315 post-114 page type-page status-publish hentry elemenfoliocategory-edificacion\"><a href=\"https:\/\/sotoval.es\/index.php\/portfolio\/viviendas-guadarrama\/\" class=\"portfolio-item \" style=\"background-image: url(https:\/\/sotoval.es\/wp-content\/uploads\/2025\/01\/A.jpg)\" title=\"Viviendas Guadarrama\"><img decoding=\"async\" src=\"https:\/\/sotoval.es\/wp-content\/uploads\/2025\/01\/A.jpg\" class=\"elpt-main-image\" title=\"Viviendas Guadarrama\" alt=\"Viviendas Guadarrama\" \/><div class=\"portfolio-item-infos-wrapper\" style=\"background-color:\"><div class=\"portfolio-item-infos\"><div class=\"portfolio-item-title\"><span class=\"portfolio-item-title-span\">Viviendas Guadarrama<\/span><\/div><div class=\"portfolio-item-category\"><span class=\"elpt-portfolio-cat\">EDIFICACI\u00d3N<\/span><\/div><\/div><\/div><\/a><\/div><div class=\"portfolio-item-wrapper 310 post-114 page type-page status-publish hentry elemenfoliocategory-industrial\"><a href=\"https:\/\/sotoval.es\/index.php\/portfolio\/soleras-canilleras\/\" class=\"portfolio-item \" style=\"background-image: url(https:\/\/sotoval.es\/wp-content\/uploads\/2025\/01\/2-1.jpg)\" title=\"Soleras Canilleras\"><img decoding=\"async\" src=\"https:\/\/sotoval.es\/wp-content\/uploads\/2025\/01\/2-1.jpg\" class=\"elpt-main-image\" title=\"Soleras Canilleras\" alt=\"Soleras Canilleras\" \/><div class=\"portfolio-item-infos-wrapper\" style=\"background-color:\"><div class=\"portfolio-item-infos\"><div class=\"portfolio-item-title\"><span class=\"portfolio-item-title-span\">Soleras Canilleras<\/span><\/div><div class=\"portfolio-item-category\"><span class=\"elpt-portfolio-cat\">INDUSTRIAL<\/span><\/div><\/div><\/div><\/a><\/div><div class=\"portfolio-item-wrapper 301 post-114 page type-page status-publish hentry elemenfoliocategory-industrial\"><a href=\"https:\/\/sotoval.es\/index.php\/portfolio\/trabajos-en-etap-de-grinon-canal-de-isabel-ii\/\" class=\"portfolio-item \" style=\"background-image: url(https:\/\/sotoval.es\/wp-content\/uploads\/2025\/01\/3.jpg)\" title=\"Trabajos en ETAP de Gri\u00f1on. Canal de Isabel II\"><img decoding=\"async\" src=\"https:\/\/sotoval.es\/wp-content\/uploads\/2025\/01\/3.jpg\" class=\"elpt-main-image\" title=\"Trabajos en ETAP de Gri\u00f1on. Canal de Isabel II\" alt=\"Trabajos en ETAP de Gri\u00f1on. Canal de Isabel II\" \/><div class=\"portfolio-item-infos-wrapper\" style=\"background-color:\"><div class=\"portfolio-item-infos\"><div class=\"portfolio-item-title\"><span class=\"portfolio-item-title-span\">Trabajos en ETAP de Gri\u00f1on. Canal de Isabel II<\/span><\/div><div class=\"portfolio-item-category\"><span class=\"elpt-portfolio-cat\">INDUSTRIAL<\/span><\/div><\/div><\/div><\/a><\/div><div class=\"portfolio-item-wrapper 283 post-114 page type-page status-publish hentry elemenfoliocategory-edificacion\"><a href=\"https:\/\/sotoval.es\/index.php\/portfolio\/barajas\/\" class=\"portfolio-item \" style=\"background-image: url(https:\/\/sotoval.es\/wp-content\/uploads\/2025\/01\/barajas0.jpg)\" title=\"Barajas\"><img decoding=\"async\" src=\"https:\/\/sotoval.es\/wp-content\/uploads\/2025\/01\/barajas0.jpg\" class=\"elpt-main-image\" title=\"Barajas\" alt=\"Barajas\" \/><div class=\"portfolio-item-infos-wrapper\" style=\"background-color:\"><div class=\"portfolio-item-infos\"><div class=\"portfolio-item-title\"><span class=\"portfolio-item-title-span\">Barajas<\/span><\/div><div class=\"portfolio-item-category\"><span class=\"elpt-portfolio-cat\">EDIFICACI\u00d3N<\/span><\/div><\/div><\/div><\/a><\/div><div class=\"portfolio-item-wrapper 276 post-114 page type-page status-publish hentry elemenfoliocategory-obra-civil\"><a href=\"https:\/\/sotoval.es\/index.php\/portfolio\/ronda-de-toledo\/\" class=\"portfolio-item \" style=\"background-image: url(https:\/\/sotoval.es\/wp-content\/uploads\/2025\/01\/toledo01.jpg)\" title=\"Ronda de Toledo\"><img decoding=\"async\" src=\"https:\/\/sotoval.es\/wp-content\/uploads\/2025\/01\/toledo01.jpg\" class=\"elpt-main-image\" title=\"Ronda de Toledo\" alt=\"Ronda de Toledo\" \/><div class=\"portfolio-item-infos-wrapper\" style=\"background-color:\"><div class=\"portfolio-item-infos\"><div class=\"portfolio-item-title\"><span class=\"portfolio-item-title-span\">Ronda de Toledo<\/span><\/div><div class=\"portfolio-item-category\"><span class=\"elpt-portfolio-cat\">OBRA CIVIL<\/span><\/div><\/div><\/div><\/a><\/div><div class=\"portfolio-item-wrapper 268 post-114 page type-page status-publish hentry elemenfoliocategory-obra-civil\"><a href=\"https:\/\/sotoval.es\/index.php\/portfolio\/talamanca\/\" class=\"portfolio-item \" style=\"background-image: url(https:\/\/sotoval.es\/wp-content\/uploads\/2025\/01\/Talamanca1.jpeg)\" title=\"Talamanca\"><img decoding=\"async\" src=\"https:\/\/sotoval.es\/wp-content\/uploads\/2025\/01\/Talamanca1.jpeg\" class=\"elpt-main-image\" title=\"Talamanca\" alt=\"Talamanca\" \/><div class=\"portfolio-item-infos-wrapper\" style=\"background-color:\"><div class=\"portfolio-item-infos\"><div class=\"portfolio-item-title\"><span class=\"portfolio-item-title-span\">Talamanca<\/span><\/div><div class=\"portfolio-item-category\"><span class=\"elpt-portfolio-cat\">OBRA CIVIL<\/span><\/div><\/div><\/div><\/a><\/div><div class=\"portfolio-item-wrapper 155 post-114 page type-page status-publish hentry elemenfoliocategory-edificacion\"><a href=\"https:\/\/sotoval.es\/index.php\/portfolio\/rivas\/\" class=\"portfolio-item \" style=\"background-image: url(https:\/\/sotoval.es\/wp-content\/uploads\/2024\/03\/rivas4.jpg)\" title=\"Rivas\"><img decoding=\"async\" src=\"https:\/\/sotoval.es\/wp-content\/uploads\/2024\/03\/rivas4.jpg\" class=\"elpt-main-image\" title=\"Rivas\" alt=\"Rivas\" \/><div class=\"portfolio-item-infos-wrapper\" style=\"background-color:\"><div class=\"portfolio-item-infos\"><div class=\"portfolio-item-title\"><span class=\"portfolio-item-title-span\">Rivas<\/span><\/div><div class=\"portfolio-item-category\"><span class=\"elpt-portfolio-cat\">EDIFICACI\u00d3N<\/span><\/div><\/div><\/div><\/a><\/div><div class=\"portfolio-item-wrapper 152 post-114 page type-page status-publish hentry elemenfoliocategory-obra-civil\"><a href=\"https:\/\/sotoval.es\/index.php\/portfolio\/puente\/\" class=\"portfolio-item \" style=\"background-image: url(https:\/\/sotoval.es\/wp-content\/uploads\/2024\/03\/puente2.jpg)\" title=\"Puente\"><img decoding=\"async\" src=\"https:\/\/sotoval.es\/wp-content\/uploads\/2024\/03\/puente2.jpg\" class=\"elpt-main-image\" title=\"Puente\" alt=\"Puente\" \/><div class=\"portfolio-item-infos-wrapper\" style=\"background-color:\"><div class=\"portfolio-item-infos\"><div class=\"portfolio-item-title\"><span class=\"portfolio-item-title-span\">Puente<\/span><\/div><div class=\"portfolio-item-category\"><span class=\"elpt-portfolio-cat\">OBRA CIVIL<\/span><\/div><\/div><\/div><\/a><\/div><div class=\"portfolio-item-wrapper 148 post-114 page type-page status-publish hentry elemenfoliocategory-edificacion\"><a href=\"https:\/\/sotoval.es\/index.php\/portfolio\/pinto\/\" class=\"portfolio-item \" style=\"background-image: url(https:\/\/sotoval.es\/wp-content\/uploads\/2024\/03\/pinto1.jpg)\" title=\"Pinto\"><img decoding=\"async\" src=\"https:\/\/sotoval.es\/wp-content\/uploads\/2024\/03\/pinto1.jpg\" class=\"elpt-main-image\" title=\"Pinto\" alt=\"Pinto\" \/><div class=\"portfolio-item-infos-wrapper\" style=\"background-color:\"><div class=\"portfolio-item-infos\"><div class=\"portfolio-item-title\"><span class=\"portfolio-item-title-span\">Pinto<\/span><\/div><div class=\"portfolio-item-category\"><span class=\"elpt-portfolio-cat\">EDIFICACI\u00d3N<\/span><\/div><\/div><\/div><\/a><\/div><div class=\"portfolio-item-wrapper 140 post-114 page type-page status-publish hentry elemenfoliocategory-industrial\"><a href=\"https:\/\/sotoval.es\/index.php\/portfolio\/cimg\/\" class=\"portfolio-item \" style=\"background-image: url(https:\/\/sotoval.es\/wp-content\/uploads\/2024\/03\/CIMG3585.jpg)\" title=\"CIMG\"><img decoding=\"async\" src=\"https:\/\/sotoval.es\/wp-content\/uploads\/2024\/03\/CIMG3585.jpg\" class=\"elpt-main-image\" title=\"CIMG\" alt=\"CIMG\" \/><div class=\"portfolio-item-infos-wrapper\" style=\"background-color:\"><div class=\"portfolio-item-infos\"><div class=\"portfolio-item-title\"><span class=\"portfolio-item-title-span\">CIMG<\/span><\/div><div class=\"portfolio-item-category\"><span class=\"elpt-portfolio-cat\">INDUSTRIAL<\/span><\/div><\/div><\/div><\/a><\/div><div class=\"portfolio-item-wrapper 134 post-114 page type-page status-publish hentry elemenfoliocategory-obra-civil\"><a href=\"https:\/\/sotoval.es\/index.php\/portfolio\/ave\/\" class=\"portfolio-item \" style=\"background-image: url(https:\/\/sotoval.es\/wp-content\/uploads\/2024\/03\/ave1.jpg)\" title=\"Ave\"><img decoding=\"async\" src=\"https:\/\/sotoval.es\/wp-content\/uploads\/2024\/03\/ave1.jpg\" class=\"elpt-main-image\" title=\"Ave\" alt=\"Ave\" \/><div class=\"portfolio-item-infos-wrapper\" style=\"background-color:\"><div class=\"portfolio-item-infos\"><div class=\"portfolio-item-title\"><span class=\"portfolio-item-title-span\">Ave<\/span><\/div><div class=\"portfolio-item-category\"><span class=\"elpt-portfolio-cat\">OBRA CIVIL<\/span><\/div><\/div><\/div><\/a><\/div><\/div><\/div>\t\t\t\t<\/div>\n\t\t\t\t<\/div>\n\t\t<div class=\"elementor-element elementor-element-b219a75 e-flex e-con-boxed e-con e-child\" data-id=\"b219a75\" data-element_type=\"container\" data-e-type=\"container\">\n\t\t\t\t\t<div class=\"e-con-inner\">\n\t\t\t\t<div class=\"elementor-element elementor-element-59602b3 elementor-widget elementor-widget-text-editor\" data-id=\"59602b3\" data-element_type=\"widget\" data-e-type=\"widget\" data-widget_type=\"text-editor.default\">\n\t\t\t\t<div class=\"elementor-widget-container\">\n\t\t\t\t\t\t\t\t\t<p>Descubra las \u00e1rea de negocios y proyectos destacados en cada una de ellas en nuestro portfolio.\u00a0<\/p>\t\t\t\t\t\t\t\t<\/div>\n\t\t\t\t<\/div>\n\t\t\t\t\t<\/div>\n\t\t\t\t<\/div>\n\t\t\t\t<\/div>\n\t\t\t\t<\/div>\n\t\t","protected":false},"excerpt":{"rendered":"<p>AllEDIFICACI\u00d3NINDUSTRIALOBRA CIVILVIADUCTO RIO MOROS\u00a0OBRA CIVILAFAR 4OBRA CIVILCANAL ISABEL II GESTION SAOBRA CIVILNUEVO HOSPITAL BURGOS SAEDIFICACI\u00d3NInstituto TorrojaEDIFICACI\u00d3NWTCEDIFICACI\u00d3NViviendas GuadarramaEDIFICACI\u00d3NSoleras CanillerasINDUSTRIALTrabajos en ETAP de Gri\u00f1on. [&hellip;]<\/p>\n","protected":false},"author":1,"featured_media":0,"parent":0,"menu_order":0,"comment_status":"closed","ping_status":"closed","template":"elementor_header_footer","meta":{"footnotes":""},"class_list":["post-114","page","type-page","status-publish","hentry"],"_links":{"self":[{"href":"https:\/\/sotoval.es\/index.php\/wp-json\/wp\/v2\/pages\/114","targetHints":{"allow":["GET"]}}],"collection":[{"href":"https:\/\/sotoval.es\/index.php\/wp-json\/wp\/v2\/pages"}],"about":[{"href":"https:\/\/sotoval.es\/index.php\/wp-json\/wp\/v2\/types\/page"}],"author":[{"embeddable":true,"href":"https:\/\/sotoval.es\/index.php\/wp-json\/wp\/v2\/users\/1"}],"replies":[{"embeddable":true,"href":"https:\/\/sotoval.es\/index.php\/wp-json\/wp\/v2\/comments?post=114"}],"version-history":[{"count":20,"href":"https:\/\/sotoval.es\/index.php\/wp-json\/wp\/v2\/pages\/114\/revisions"}],"predecessor-version":[{"id":504,"href":"https:\/\/sotoval.es\/index.php\/wp-json\/wp\/v2\/pages\/114\/revisions\/504"}],"wp:attachment":[{"href":"https:\/\/sotoval.es\/index.php\/wp-json\/wp\/v2\/media?parent=114"}],"curies":[{"name":"wp","href":"https:\/\/api.w.org\/{rel}","templated":true}]}}